{"id":2283,"date":"2024-02-14T11:03:23","date_gmt":"2024-02-14T09:03:23","guid":{"rendered":"https:\/\/lvps5-35-243-250.dedicated.hosteurope.de\/msc\/wordpress\/?page_id=2283"},"modified":"2026-04-20T13:53:55","modified_gmt":"2026-04-20T11:53:55","slug":"unser-verein","status":"publish","type":"page","link":"https:\/\/www.msc-ziegelhausen.de\/?page_id=2283","title":{"rendered":"Unser Verein"},"content":{"rendered":"<h2>Unser Vorstand<\/h2>\n<div class=\"cm_column_wrapper\">\n<div class=\"cm_column cm-container-small cm-container-no-columns-2\">\n<h3>Vorsitzender<\/h3>\n<p>Normann Ewald<br \/>Im Neckarh\u00e4userhof 1 a<br \/>69151 Neckargem\u00fcnd<br \/>Handy:<br \/>0157 54 19 42 05<br \/>E-Mail:<br \/>normannewald@yahoo.de<\/p>\n<\/div>\n<div class=\"cm_column_gap cm_column_gap_left\">\u00a0<\/div>\n<h3 class=\"cm_column_gap cm_column_gap_right\"><span style=\"color: revert; font-size: revert; font-weight: revert;\">Stellvertretender Vorsitzender<\/span><\/h3>\n<div class=\"cm_column cm-container-small cm-container-no-columns-2\">\n<p>Hans-J\u00fcrgen Borlein<br \/>Peter-Wenzel-Weg 10<br \/>69118 Heidelberg<br \/>Tel. privat:<br \/>06221 \/ 80 02 56<\/p>\n<\/div>\n<div class=\"cm_column_gap cm_column_gap_left\">\u00a0<\/div>\n<h3 class=\"cm_column_gap cm_column_gap_right\"><span style=\"color: revert; font-size: revert; font-weight: revert;\">Schatzmeister<\/span><\/h3>\n<div class=\"cm_column cm-container-small cm-container-no-columns-2\">\n<p>Gisela Weber<br \/>Peterstaler Stra\u00dfe 202<br \/>69118 Heidelberg<br \/>Tel. privat:<br \/>06221 \/ 80 02 44<br \/>Fax privat:<br \/>06221 \/ 80 53 97<br \/>E-Mail:<br \/>weber_gisela@web.de<\/p>\n<\/div>\n<div class=\"cm_column_gap cm_column_gap_left\">\u00a0<\/div>\n<h3 class=\"cm_column_gap cm_column_gap_right\"><span style=\"color: revert; font-size: revert; font-weight: revert;\">Sportleiter<\/span><\/h3>\n<div class=\"cm_column cm-container-small cm-container-no-columns-2\">\n<p>Benjamin Schork<br \/>Johann-Wilhelm-Str. 52<br \/>69259 Wilhelmsfeld<br \/>E-Mail:<br \/>bschork@gmx.de<\/p>\n<\/div>\n<div class=\"cm_column_gap cm_column_gap_left\">\u00a0<\/div>\n<h3 class=\"cm_column_gap cm_column_gap_right\"><span style=\"color: revert; font-size: revert; font-weight: revert;\">Schriftf\u00fchrer<\/span><\/h3>\n<div class=\"cm_column cm-container-small cm-container-no-columns-2\">\n<p>Melanie Weber<br \/>Weidenweg 11<br \/>68775 Ketsch<br \/>Handy:<br \/>0172-4690319<br \/>E-Mail:<br \/>melli.w@web.de<\/p>\n<\/div>\n<\/div>\n<div class=\"cm_column_wrapper\">\n<div class=\"cm_column cm-container-small cm-container-no-columns-2\">\n<h3>Verkehrsleiter<\/h3>\n<p>Alexander Weber<br \/>Peterstaler Stra\u00dfe 202<br \/>69118 Heidelberg<br \/>Tel.priv:<br \/>06221 \/ 804545<br \/>Handy:<br \/>0175-4135218<br \/>E-Mail:<br \/>weberalexan@gmail.com<\/p>\n<\/div>\n<h3 class=\"cm_column_gap cm_column_gap_right\"><span style=\"color: revert; font-size: revert; font-weight: revert;\">Beisitzer (Jugend)<\/span><\/h3>\n<div class=\"cm_column cm-container-small cm-container-no-columns-2\">\n<p>Benjamin Schork<br \/>Johann-Wilhelm Str. 52<br \/>69259 Wilhelmsfeld<br \/>E-Mail:<br \/>bschork@gmx.de<\/p>\n<\/div>\n<div class=\"cm_column_gap cm_column_gap_left\">\u00a0<\/div>\n<h3 class=\"cm_column_gap cm_column_gap_right\"><span style=\"color: revert; font-size: revert; font-weight: revert;\">Beisitzer (Presse)<\/span><\/h3>\n<div class=\"cm_column cm-container-small cm-container-no-columns-2\">\n<p>Birgit Bischoff<br \/>Peterstaler Str. 139<br \/>69118 Heidelberg<br \/>Tel. privat:<br \/>06221 \/ 80 17 34<br \/>E-Mail:<br \/><a class=\"cm_anchor\" href=\"mailto:birgit.bischoff.zgh%40gmx.de?subject=%20%20&amp;body=%20\">birgit.bischoff.zgh@gmx.de<\/a><\/p>\n<\/div>\n<div class=\"cm_column_gap cm_column_gap_left\">\u00a0<\/div>\n<h3 class=\"cm_column_gap cm_column_gap_right\"><span style=\"color: revert; font-size: revert; font-weight: revert;\">Beisitzer (\u00d6ffentliche Belange und Umweltbeauftragte)<\/span><\/h3>\n<div class=\"cm_column cm-container-small cm-container-no-columns-2\">\n<p>Birgit Bischoff<br \/>Peterstaler Str. 139<br \/>69118 Heidelberg<br \/>Tel. privat:<br \/>06221 \/ 80 17 34<br \/>E-Mail:<br \/><a class=\"cm_anchor\" href=\"mailto:birgit.bischoff.zgh%40gmx.de?subject=%20&amp;body=%20\">birgit.bischoff.zgh@gmx.de<\/a><\/p>\n<\/div>\n<\/div>\n<h2>Unsere Geschichte<\/h2>\n<div class=\"cm_column_wrapper\">\n<div class=\"cm_column cm-container-medium cm-container-no-columns-2\">\u00a0<\/div>\n<div class=\"cm_column cm-container-medium cm-container-no-columns-2\">\n<div class=\"cm_column cm-container-medium cm-container-no-columns-2\">\n<p>Die Anf\u00e4nge des Rad- und Motorsports gehen bis in das Jahr 1907 zur\u00fcck und liegen unter der Schirmherrschaft des \u201eRad-Kraftfahrerverband Solidarit\u00e4t\u201c.<\/p>\n<p>Im Gasthaus &#8222;Zum Goldenen Ochsen&#8220; in Ziegelhausen wird das offizielle Gr\u00fcndungspapier unterzeichnet\u00a0\u2013 Zusammenschluss des 1933 verbotenen Vereins \u201eSolidarit\u00e4t\u201c<\/p>\n<p>Der Verein f\u00fchrt den Namen \u201eRad- und Motorsportclub\u201c. Der ehemalige Radfahrverein tritt 1956 als Unterabteilung in den RMSC ein. Dieses Gr\u00fcndungspapier ist auch der Anlass des 50j\u00e4hrigen Jubil\u00e4ums im Jahre 2006.<\/p>\n<p>Am 08.11.1961 wird eine Satzung verabschiedet. Der Verein f\u00fchrt den Namen\u00a0\u201eMotorsport-Club Ziegelhausen e.V.\u201c, wird ins Vereinsregister in Heidelberg eingetragen und gibt als Zweck \u201edie Weiterf\u00fchrung der Tradition des im Jahre 1907 gegr\u00fcndeten \u201eRadfahrervereins Solidarit\u00e4t\u201c an. Der Verein dient der Aus\u00fcbung des Motorsports, Radsports, Rollschuhlauf, Verkehrserziehung, gemeinsamer Ausfahrten und Pflege der Geselligkeit.<\/p>\n<p>Von 1963 bis 1966 errichteten 40 Mitglieder in 3780 freiwilligen Arbeitsstunden ihr Clubhaus im Kreuzgrund, das von 1970 bis 1974 erweitert wird.<\/p>\n<p>Der Verein beschlie\u00dft 1966 den Anschluss an den ADAC. Die Aufnahme erfolgt im Oktober 1966 und der Verein nennt sich fortan \u201eMotorsportclub Ziegelhausen e.V. im ADAC\u201c.<\/p>\n<p>Bis in die 1970er Jahre konzentrieren sich die sportlichen Aktivit\u00e4ten auf Kunstradfahren, Rollschuhfahren und Motorradausfahrten. Ab 1970 werden Orientierungsfahrten f\u00fcr Automobile organisiert, aus denen die \u201eNeckar-Elsenz-Fahrt\u201c in Zusammenarbeit mit dem ASC Neckargem\u00fcnd entsteht.<\/p>\n<p>Von 1977 bis 1981 f\u00fchrte der Ziegelh\u00e4user Club Zuverl\u00e4ssigkeitsfahrten f\u00fcr Motorr\u00e4der auf dem Hockenheimring durch, zweimal z\u00e4hlte die Veranstaltung zur Deutschen Meisterschaft.<\/p>\n<\/div>\n<div class=\"cm_column_gap cm_column_gap_right\">1980 beginnt die gro\u00dfe Zeit des Rallyesports beim MSC. Die Rallye \u201eSchloss Heidelberg\u201c wird 1984 durch die Teilnahme von Walter R\u00f6hrl und 1985 durch das DM-Pr\u00e4dikat aufgewertet. Von 1986 bis 1988 wird die Veranstaltung zusammen mit der RTG Esslingen als \u201eRallye Baden-W\u00fcrttemberg\u201c fortgesetzt, die ebenfalls zur Deutschen Meisterschaft z\u00e4hlt.<\/div>\n<div class=\"cm_column_gap cm_column_gap_right\">Bis weit in die 1990er Jahre nehmen viele junge MSC-Mitglieder an Rundstreckenrennen am Hockenheim- und N\u00fcrburgring, Orientierungsfahrten und Rallyemeisterschaften teil.<\/div>\n<div>\u00a0<\/div>\n<div class=\"cm_column_gap cm_column_gap_right\">Horst Hoffmann, ein Talent im Motorrad-Trial, gewinnt 1988 den Federations-Cup, wird mehrfach Deutscher Meister und betreibt diesen Sport bis weit ins Jahr 2000.<\/div>\n<div class=\"cm_column cm-container-medium cm-container-no-columns-2\">\n<p>Wegen der \u00d6lkrisen und Umweltschutzauflagen wird es ab Mitte der 1980er Jahre schwieriger f\u00fcr den MSC, motorsportliche Veranstaltungen durchzuf\u00fchren und ein Nachwuchsprogramm zu gestalten. Deshalb widmet sich der MSC ab 1985 dem Fahrrad-Trial-Sport. Herausragend ist die Organisation der Weltmeisterschaften 1988, 1989 und 1991 in Ziegelhausen.<\/p>\n<p>Von 1985 bis 1997 gibt es eine starke Jugendgruppe im Fahrradtrial. Die Jugendlichen nehmen an regionalen- und \u00fcberregionalen Meisterschaften sowie an Weltmeisterschaften teil. Gerd Merkel wird mehrmals Deutscher Meister und Vizeweltmeister. Christian Weber wird 1997 in Frankreich Juniorenweltmeister mit dem 20\u201c-Rad und holt gleichzeitig mit dem Mountainbike 26\u201c die Bronzemedaille.<\/p>\n<\/div>\n<div class=\"cm_column_gap cm_column_gap_left\">\u00a0<\/div>\n<div class=\"cm_column_gap cm_column_gap_right\">Da es ab 1991 wegen Umwelt- und Naturschutzauflagen der Stadt Heidelberg keine Fahrrad-Trial-Veranstaltungen mehr in Ziegelhausen gibt, kooperiert der MSC ab 1992 mit dem Motorsportclub Dossenheim. Infolgedessen kann der Verein j\u00e4hrlich eine Fahrrad-Trial-Veranstaltung ausrichten und seine Jugendlichen erreichen weiterhin Spitzenpl\u00e4tze.<\/div>\n<div class=\"cm_column cm-container-medium cm-container-no-columns-2\">\n<p>Mit dem Ende der sportlichen Laufbahn von Gerd Merkel 1997 und Christian Weber 1999 stagniert die Jugendarbeit im Verein f\u00fcr l\u00e4ngere Zeit. 2001 beginnt Benjamin Schork erneut mit dem Trialsport und es bildet sich schnell eine neue Jugendgruppe. Er betreut die Jugendlichen als Trainer und engagiert sich voll f\u00fcr den Sport.<\/p>\n<p>In den 1990er und 2000er Jahren entdecken ehemalige aktive Mitglieder ihre Leidenschaft f\u00fcr den Motorsport wieder und widmen sich dem historischen Sport. Sie restaurieren alte Fahrzeuge und nehmen an historischen Wettk\u00e4mofen oder Ausfahrten teil.<\/p>\n<\/div>\n<p>Ab 2004 nimmt die Fahrradtrial-Jugendgruppe wieder an nationalen und internationalen Wettk\u00e4mpfen teil. In den folgenden Jahren wird Benjamin Schork 4mal Deutscher-Trial-Cup-Sieger, holt mit der Mannschaft die Deutsche Meisterschaft, startet bei der Europameisterschaft und bei World Cups. Im Jahre 2023 hat er 40 Top-Drei Platzierungen in den Endwertungen der Baden-W\u00fcrttembergischen, S\u00fcddeutschen-, Bodensee- und Deutschen Meisterschaft gesammelt.<\/p>\n<p>Nikas Pfeffer und Nick Ullrich erreichen in ihren Klasse Top3-Wertungen in der S\u00fcddeutschen- und Deutschen Meisterschaft und kr\u00f6nen diese Erfolge mit der Teilnahme an den Weltjugendspielen in 2022 und 2023.\u00a0<\/p>\n<p><span style=\"font-size: revert; color: initial; font-weight: var(--wp--custom--font-weight--regular);\">Im gesellschaftlichen Bereich versucht man die Zusammengeh\u00f6rigkeit der Mitglieder zu f\u00f6rdern. So werden Grillfeste, gemeinsame Wanderungen und Vereinsausfl\u00fcge, Besuch von Motorsportveranstaltungen oder Weihnachtsm\u00e4rkten in den Fokus ger\u00fcckt.<\/span><\/p>\n<\/p>\n<\/div>\n<\/div>\n<h2>Unsere Vereinssatzung<\/h2>\n\n\n<div data-wp-interactive=\"core\/file\" class=\"wp-block-file\"><object data-wp-bind--hidden=\"!state.hasPdfPreview\" hidden class=\"wp-block-file__embed\" data=\"https:\/\/schork.li\/msc\/wordpress\/wp-content\/uploads\/2024\/11\/2022_04_12_scan_msc_satzung-1.pdf\" type=\"application\/pdf\" style=\"width:100%;height:600px\" aria-label=\"Einbettung von 2022_04_12_scan_msc_satzung.\"><\/object><a id=\"wp-block-file--media-8fc8ad37-dd99-442c-97f9-876027a78cf0\" href=\"https:\/\/schork.li\/msc\/wordpress\/wp-content\/uploads\/2024\/11\/2022_04_12_scan_msc_satzung-1.pdf\">2022_04_12_scan_msc_satzung<\/a><a href=\"https:\/\/schork.li\/msc\/wordpress\/wp-content\/uploads\/2024\/11\/2022_04_12_scan_msc_satzung-1.pdf\" class=\"wp-block-file__button wp-element-button\" download aria-describedby=\"wp-block-file--media-8fc8ad37-dd99-442c-97f9-876027a78cf0\">Herunterladen<\/a><\/div>\n\n\n\n<div data-wp-interactive=\"core\/file\" class=\"wp-block-file\"><object data-wp-bind--hidden=\"!state.hasPdfPreview\" hidden class=\"wp-block-file__embed\" data=\"https:\/\/www.msc-ziegelhausen.de\/wp-content\/uploads\/2026\/04\/MSC_Aufnahmeantrag_2026.pdf\" type=\"application\/pdf\" style=\"width:100%;height:600px\" aria-label=\"Einbettung von MSC_Aufnahmeantrag_2026.\"><\/object><a id=\"wp-block-file--media-262fe247-4554-41a9-b892-205a46d83573\" href=\"https:\/\/www.msc-ziegelhausen.de\/wp-content\/uploads\/2026\/04\/MSC_Aufnahmeantrag_2026.pdf\">MSC_Aufnahmeantrag_2026<\/a><a href=\"https:\/\/www.msc-ziegelhausen.de\/wp-content\/uploads\/2026\/04\/MSC_Aufnahmeantrag_2026.pdf\" class=\"wp-block-file__button wp-element-button\" download aria-describedby=\"wp-block-file--media-262fe247-4554-41a9-b892-205a46d83573\">Herunterladen<\/a><\/div>\n","protected":false},"excerpt":{"rendered":"<p>Unser Vorstand Vorsitzender Normann EwaldIm Neckarh\u00e4userhof 1 a69151 Neckargem\u00fcndHandy:0157 54 19 42 05E-Mail:normannewald@yahoo.de \u00a0 Stellvertretender Vorsitzender Hans-J\u00fcrgen BorleinPeter-Wenzel-Weg 1069118 HeidelbergTel. privat:06221 \/ 80 02 56 \u00a0 Schatzmeister Gisela WeberPeterstaler Stra\u00dfe 20269118 HeidelbergTel. privat:06221 \/ 80 02 44Fax privat:06221 \/ 80 53 97E-Mail:weber_gisela@web.de \u00a0 Sportleiter Benjamin SchorkJohann-Wilhelm-Str. 5269259 WilhelmsfeldE-Mail:bschork@gmx.de \u00a0 Schriftf\u00fchrer Melanie WeberWeidenweg 1168775 KetschHandy:0172-4690319E-Mail:melli.w@web.de Verkehrsleiter &hellip; <\/p>\n<p class=\"link-more\"><a href=\"https:\/\/www.msc-ziegelhausen.de\/?page_id=2283\" class=\"more-link\">Mehr <span class=\"screen-reader-text\">\u00fcber &#8222;Unser Verein&#8220; <\/span>Lesen<\/a><\/p>\n","protected":false},"author":1,"featured_media":0,"parent":0,"menu_order":0,"comment_status":"closed","ping_status":"closed","template":"","meta":{"footnotes":""},"class_list":["post-2283","page","type-page","status-publish","hentry"],"featured_media_urls":[],"_links":{"self":[{"href":"https:\/\/www.msc-ziegelhausen.de\/index.php?rest_route=\/wp\/v2\/pages\/2283","targetHints":{"allow":["GET"]}}],"collection":[{"href":"https:\/\/www.msc-ziegelhausen.de\/index.php?rest_route=\/wp\/v2\/pages"}],"about":[{"href":"https:\/\/www.msc-ziegelhausen.de\/index.php?rest_route=\/wp\/v2\/types\/page"}],"author":[{"embeddable":true,"href":"https:\/\/www.msc-ziegelhausen.de\/index.php?rest_route=\/wp\/v2\/users\/1"}],"replies":[{"embeddable":true,"href":"https:\/\/www.msc-ziegelhausen.de\/index.php?rest_route=%2Fwp%2Fv2%2Fcomments&post=2283"}],"version-history":[{"count":9,"href":"https:\/\/www.msc-ziegelhausen.de\/index.php?rest_route=\/wp\/v2\/pages\/2283\/revisions"}],"predecessor-version":[{"id":2485,"href":"https:\/\/www.msc-ziegelhausen.de\/index.php?rest_route=\/wp\/v2\/pages\/2283\/revisions\/2485"}],"wp:attachment":[{"href":"https:\/\/www.msc-ziegelhausen.de\/index.php?rest_route=%2Fwp%2Fv2%2Fmedia&parent=2283"}],"curies":[{"name":"wp","href":"https:\/\/api.w.org\/{rel}","templated":true}]}}