{"id":2284,"date":"2024-02-14T11:03:23","date_gmt":"2024-02-14T09:03:23","guid":{"rendered":"https:\/\/lvps5-35-243-250.dedicated.hosteurope.de\/msc\/wordpress\/?page_id=2284"},"modified":"2024-11-08T11:29:48","modified_gmt":"2024-11-08T09:29:48","slug":"automobilsport","status":"publish","type":"page","link":"https:\/\/www.msc-ziegelhausen.de\/?page_id=2284","title":{"rendered":"Motorsport"},"content":{"rendered":"<h2>Das Retro-Rallyeteam des MSC Ziegelhausen e.V. im ADAC<\/h2>\n<p>Unser Rallyeteam Hans-J\u00fcrgen Andorfer \/ Alexander Weber startet mit dem Seat Ibiza f\u00fcr den MSC Ziegelhausen bei mehreren Retro Rallyeveranstaltungen in ganz S\u00fcddeutschland.\u00a0<\/p>\n<p>Sie starteten in 2023\/24 unter anderem bei der ADAC Rallye S\u00fcdliche Weinstra\u00dfe, Unterland-Hohelohe-Retro-Wertungsfahrt, DMV Historic-Rallye Ulm, Ostalbrallye Retro, ADAC Retro Rallye Fr\u00e4nkisches Weinland und der Birkenfelder L\u00f6wenrallye.<\/p>\n\n\n<figure class=\"wp-block-image size-large\"><a href=\"https:\/\/schork.li\/msc\/wordpress\/wp-content\/uploads\/2024\/11\/2024_09_msc_rallye.jpeg\"><img loading=\"lazy\" decoding=\"async\" width=\"1024\" height=\"768\" src=\"https:\/\/schork.li\/msc\/wordpress\/wp-content\/uploads\/2024\/11\/2024_09_msc_rallye-1024x768.jpeg\" alt=\"Rallyeteam Andorfer_Weber\" class=\"wp-image-2361\" srcset=\"https:\/\/www.msc-ziegelhausen.de\/wp-content\/uploads\/2024\/11\/2024_09_msc_rallye-1024x768.jpeg 1024w, https:\/\/www.msc-ziegelhausen.de\/wp-content\/uploads\/2024\/11\/2024_09_msc_rallye-300x225.jpeg 300w, https:\/\/www.msc-ziegelhausen.de\/wp-content\/uploads\/2024\/11\/2024_09_msc_rallye-2000x1500.jpeg 2000w, https:\/\/www.msc-ziegelhausen.de\/wp-content\/uploads\/2024\/11\/2024_09_msc_rallye.jpeg 2048w\" sizes=\"auto, (max-width: 1024px) 100vw, 1024px\" \/><\/a><\/figure>\n\n\n\n<h2 class=\"wp-block-heading\">Motorrad Classic<\/h2>\n\n\n\n<p>Motorrad Enduro Classic ist ein Wettkampfformat im Motorradsport, bei dem historische Enduro-Motorr\u00e4der zum Einsatz kommen. Die Teilnehmer m\u00fcssen anspruchsvolle Strecken bew\u00e4ltigen, die sowohl Gel\u00e4ndepassagen als auch speziell markierte Pr\u00fcfsektionen umfassen. Diese Art des Rennens erfordert nicht nur technisches K\u00f6nnen und Ausdauer, sondern auch gro\u00dfes Know-How \u00fcber die klassischen Motorr\u00e4der. Normann Ewald vertritt den MSC Ziegelhausen erfolgreich in dieser Disziplin in ganz Deutschland.<\/p>\n\n\n\n<figure class=\"wp-block-image size-large is-resized\"><a href=\"https:\/\/schork.li\/msc\/wordpress\/wp-content\/uploads\/2024\/11\/IMG-20220312-WA0005.jpg\"><img loading=\"lazy\" decoding=\"async\" width=\"1024\" height=\"768\" src=\"https:\/\/schork.li\/msc\/wordpress\/wp-content\/uploads\/2024\/11\/IMG-20220312-WA0005-1024x768.jpg\" alt=\"Normann_Ewald\" class=\"wp-image-2374\" style=\"width:908px;height:auto\" srcset=\"https:\/\/www.msc-ziegelhausen.de\/wp-content\/uploads\/2024\/11\/IMG-20220312-WA0005-1024x768.jpg 1024w, https:\/\/www.msc-ziegelhausen.de\/wp-content\/uploads\/2024\/11\/IMG-20220312-WA0005-300x225.jpg 300w, https:\/\/www.msc-ziegelhausen.de\/wp-content\/uploads\/2024\/11\/IMG-20220312-WA0005.jpg 1032w\" sizes=\"auto, (max-width: 1024px) 100vw, 1024px\" \/><\/a><\/figure>\n","protected":false},"excerpt":{"rendered":"<p>Das Retro-Rallyeteam des MSC Ziegelhausen e.V. im ADAC Unser Rallyeteam Hans-J\u00fcrgen Andorfer \/ Alexander Weber startet mit dem Seat Ibiza f\u00fcr den MSC Ziegelhausen bei mehreren Retro Rallyeveranstaltungen in ganz S\u00fcddeutschland.\u00a0 Sie starteten in 2023\/24 unter anderem bei der ADAC Rallye S\u00fcdliche Weinstra\u00dfe, Unterland-Hohelohe-Retro-Wertungsfahrt, DMV Historic-Rallye Ulm, Ostalbrallye Retro, ADAC Retro Rallye Fr\u00e4nkisches Weinland und &hellip; <\/p>\n<p class=\"link-more\"><a href=\"https:\/\/www.msc-ziegelhausen.de\/?page_id=2284\" class=\"more-link\">Mehr <span class=\"screen-reader-text\">\u00fcber &#8222;Motorsport&#8220; <\/span>Lesen<\/a><\/p>\n","protected":false},"author":1,"featured_media":0,"parent":0,"menu_order":0,"comment_status":"closed","ping_status":"closed","template":"","meta":{"footnotes":""},"class_list":["post-2284","page","type-page","status-publish","hentry"],"featured_media_urls":[],"_links":{"self":[{"href":"https:\/\/www.msc-ziegelhausen.de\/index.php?rest_route=\/wp\/v2\/pages\/2284","targetHints":{"allow":["GET"]}}],"collection":[{"href":"https:\/\/www.msc-ziegelhausen.de\/index.php?rest_route=\/wp\/v2\/pages"}],"about":[{"href":"https:\/\/www.msc-ziegelhausen.de\/index.php?rest_route=\/wp\/v2\/types\/page"}],"author":[{"embeddable":true,"href":"https:\/\/www.msc-ziegelhausen.de\/index.php?rest_route=\/wp\/v2\/users\/1"}],"replies":[{"embeddable":true,"href":"https:\/\/www.msc-ziegelhausen.de\/index.php?rest_route=%2Fwp%2Fv2%2Fcomments&post=2284"}],"version-history":[{"count":6,"href":"https:\/\/www.msc-ziegelhausen.de\/index.php?rest_route=\/wp\/v2\/pages\/2284\/revisions"}],"predecessor-version":[{"id":2375,"href":"https:\/\/www.msc-ziegelhausen.de\/index.php?rest_route=\/wp\/v2\/pages\/2284\/revisions\/2375"}],"wp:attachment":[{"href":"https:\/\/www.msc-ziegelhausen.de\/index.php?rest_route=%2Fwp%2Fv2%2Fmedia&parent=2284"}],"curies":[{"name":"wp","href":"https:\/\/api.w.org\/{rel}","templated":true}]}}